{"id":5165,"date":"2015-05-21T13:28:50","date_gmt":"2015-05-21T11:28:50","guid":{"rendered":"https:\/\/www.saporideisassi.it\/blog\/?page_id=5165"},"modified":"2024-12-27T13:05:40","modified_gmt":"2024-12-27T12:05:40","slug":"informativa-sulluso-dei-cookie","status":"publish","type":"page","link":"https:\/\/www.saporideisassi.it\/blog\/informativa-sulluso-dei-cookie\/","title":{"rendered":"Informativa sull&#8217;uso dei cookie"},"content":{"rendered":"<p class=\"text_timmybox\">I siti web di Sapori dei Sassi srl utilizzano cookie e tecnologie simili per garantire il corretto funzionamento delle procedure e migliorare l&#8217;esperienza di uso delle applicazioni online. Il presente documento fornisce informazioni dettagliate sull&#8217;uso dei cookie e di tecnologie similari, su come sono utilizzati da Sapori dei Sassi srl e su come gestirli.<\/p>\n<p class=\"text_timmybox\"><strong class=\"sotto_titolo\">Definizione:<\/strong> I cookie sono brevi frammenti di testo (lettere e\/o numeri) che permettono al server web di memorizzare sul client (il browser) informazioni da riutilizzare nel corso della medesima visita al sito (cookie di sessione) o in seguito, anche a distanza di giorni (cookie persistenti). I cookie vengono memorizzati, in base alle preferenze dell&#8217;utente, dal singolo browser sullo specifico dispositivo utilizzato (computer, tablet, smartphone).<\/p>\n<p>Tecnologie similari, come, ad esempio, web beacon, GIF trasparenti e tutte le forme di storage locale introdotte con HTML5, sono utilizzabili per raccogliere informazioni sul comportamento dell&#8217;utente e sull&#8217;utilizzo dei servizi.<\/p>\n<p>Nel seguito di questo documento faremo riferimento ai cookie e a tutte le tecnologie similari utilizzando semplicemente il termine \u201ccookie\u201d.<\/p>\n<p class=\"text_timmybox\"><strong class=\"sotto_titolo\">Tipologie di cookie:<\/strong> In base alle caratteristiche e all&#8217;utilizzo dei cookie possiamo distinguere diverse categorie:<\/p>\n<p class=\"text_timmybox\"><strong>Cookie strettamente necessari<\/strong>: Si tratta di cookie indispensabili per il corretto funzionamento dei siti Sapori dei Sassi srl e sono utilizzati per gestire il login e l&#8217;accesso alle funzioni riservate del sito. La durata dei cookie \u00e8 strettamente limitata alla sessione di lavoro (chiuso il <em>browser<\/em> vengono cancellati), ad eccezione dell&#8217;area clienti dove si utilizzano cookie di durata pi\u00f9 lunga (con scadenza 30 giorni) volti a riconoscere, per tale limitato periodo, il computer del visitatore &#8211; attraverso un codice alfa-numerico generato alla prima sessione di accesso &#8211; in modo da riproporgli il risultato del test effettuato dall&#8217;utente. La loro disattivazione compromette l&#8217;utilizzo dei servizi accessibili da <em>login<\/em>. La parte pubblica dei siti Sapori dei Sassi srl resta normalmente utilizzabile.<\/p>\n<p class=\"text_timmybox\"><strong>Cookie di analisi e prestazioni<\/strong>: Sono cookie utilizzati per raccogliere e analizzare il traffico e l&#8217;utilizzo del sito in modo anonimo. Questi cookie, pur senza identificare l&#8217;utente, consentono, per esempio, di rilevare se il medesimo utente torna a collegarsi in momenti diversi. Permettono inoltre di monitorare il sistema e migliorarne le prestazioni e l&#8217;usabilit\u00e0. La disattivazione di tali cookie pu\u00f2 essere eseguita senza alcuna perdita di funzionalit\u00e0.<\/p>\n<p class=\"text_timmybox\"><strong>Cookie di profilazione<\/strong>: Si tratta di cookie permanenti utilizzati per identificare (in modo anonimo e non) le preferenze dell&#8217;utente e migliorare la sua esperienza di navigazione.<br \/>\n<strong>I siti Sapori dei Sassi srl non utilizzano cookie di questo tipo.<\/strong><\/p>\n<p class=\"text_timmybox\"><strong class=\"sotto_titolo\">Cookie di terze parti:<\/strong> Visitando un sito web si possono ricevere cookie sia dal sito visitato (\u201cproprietari\u201d), sia da siti gestiti da altre organizzazioni (\u201cterze parti\u201d). Un esempio notevole \u00e8 rappresentato dalla presenza dei \u201csocial plugin\u201d per Facebook, Twitter, Google+ e LinkedIn. Si tratta di parti della pagina visitata generate direttamente dai suddetti siti ed integrati nella pagina del sito ospitante. L&#8217;utilizzo pi\u00f9 comune dei social plugin \u00e8 finalizzato alla condivisione dei contenuti sui social network.<\/p>\n<p>La presenza di questi plugin comporta la trasmissione di cookie da e verso tutti i siti gestiti da terze parti. La gestione delle informazioni raccolte da \u201cterze parti\u201d \u00e8 disciplinata dalle relative informative cui si prega di fare riferimento. Per garantire una maggiore trasparenza e comodit\u00e0, si riportano qui di seguito gli indirizzi web delle diverse informative e delle modalit\u00e0 per la gestione dei cookie.<\/p>\n<p><b>Facebook informativa:<\/b> <a href=\"https:\/\/www.facebook.com\/help\/cookies\/\">https:\/\/www.facebook.com\/help\/cookies\/<\/a><\/p>\n<p><b>Facebook (configurazione):<\/b> accedere al proprio account. Sezione privacy.<\/p>\n<p><strong>Twitter informative<\/strong>:\u00a0<a style=\"color: #363767;\" href=\"https:\/\/support.twitter.com\/articles\/20170514\">https:\/\/support.twitter.com\/articles\/20170514<\/a><\/p>\n<p><strong>Twitter (configurazione):<\/strong>\u00a0https:\/\/twitter.com\/settings\/security<\/p>\n<p><strong>Instagram informative<\/strong>:\u00a0<a href=\"https:\/\/instagram.com\/legal\/cookies\/\">https:\/\/instagram.com\/legal\/cookies\/<\/a><\/p>\n<p><strong class=\"sotto_tiolo\">Google Analytics:<\/strong> Sapori dei Sassi srl include anche talune componenti trasmesse da Google Analytics, un servizio di analisi del traffico web fornito da Google, Inc. (\u201cGoogle\u201d). Anche in questo caso si tratta di cookie di terze parti raccolti e gestiti in modo anonimo per monitorare e migliorare le prestazioni del sito ospite (performance cookie).<\/p>\n<p>Google Analytics utilizza i &#8220;cookie&#8221; per raccogliere e analizzare in forma anonima le informazioni sui comportamenti di utilizzo dei siti web Sapori dei Sassi srl. Tali informazioni vengono raccolte da Google Analytics, che le elabora allo scopo di redigere report per gli operatori di Sapori dei Sassi srl riguardanti le attivit\u00e0 sui siti web stessi. Questo sito non utilizza (e non consente a terzi di utilizzare) lo strumento di analisi di Google per monitorare o per raccogliere informazioni personali di identificazione. Google non associa l&#8217;indirizzo IP a nessun altro dato posseduto da Google n\u00e9 cerca di collegare un indirizzo IP con l&#8217;identit\u00e0 di un utente. Google pu\u00f2 anche comunicare queste informazioni a terzi ove ci\u00f2 sia imposto dalla legge o laddove tali terzi trattino le suddette informazioni per conto di Google.<\/p>\n<p>Per ulteriori informazioni, si rinvia al link di seguito indicato:<\/p>\n<p><a href=\"https:\/\/www.google.it\/policies\/privacy\/partners\/\">https:\/\/www.google.it\/policies\/privacy\/partners\/<\/a><\/p>\n<p>L&#8217;utente pu\u00f2 disabilitare in modo selettivo l&#8217;azione di Google Analytics installando sul proprio browser la componente di opt-out fornito da Google. Per disabilitare l&#8217;azione di Google Analytics, si rinvia al link di seguito indicato:<\/p>\n<p><a href=\"https:\/\/www.google.it\/policies\/privacy\/partners\/\">https:\/\/tools.google.com\/dlpage\/gaoptout<\/a><\/p>\n<p class=\"text_timmybox\"><strong class=\"sotto_titolo\">Durata dei Cookie:<\/strong> Alcuni cookie (cookie di sessione) restano attivi solo fino alla chiusura del browser o all&#8217;esecuzione del comando di logout. Altri cookie \u201csopravvivono\u201d alla chiusura del browser e sono disponibili anche in successive visite dell&#8217;utente.<\/p>\n<p>Questi cookie sono detti persistenti e la loro durata \u00e8 fissata dal server al momento della loro creazione. In alcuni casi \u00e8 fissata una scadenza, in altri casi la durata \u00e8 illimitata.<\/p>\n<p>Sapori dei Sassi srl, ad eccezione dell&#8217;area clienti in relazione alla quale le informazioni sono memorizzate esclusivamente per finalit\u00e0 tecniche, non fa uso di cookie persistenti.<\/p>\n<p>Tuttavia, navigando sulle pagine dei siti web Sapori dei Sassi srl, si pu\u00f2 interagire con siti gestiti da terze parti che possono creare o modificare cookie permanenti e di profilazione.<\/p>\n<p class=\"text_timmybox\"><strong class=\"sotto_titolo\">Gestione dei Cookie:<\/strong> Attenzione disabilitazione totale o parziale dei cookie tecnici pu\u00f2 compromettere l&#8217;utilizzo delle funzionalit\u00e0 del sito riservate agli utenti registrati. Al contrario, la fruibilit\u00e0 dei contenuti pubblici \u00e8 possibile anche disabilitando completamente i cookie.<\/p>\n<p class=\"text_timmybox\">La disabilitazione dei cookie \u201cterze parti\u201d non pregiudica in alcun modo la navigabilit\u00e0.<\/p>\n<p class=\"text_timmybox\">L&#8217;impostazione pu\u00f2 essere definita in modo specifico per i diversi siti e applicazioni web. Inoltre i migliori <em>browser<\/em> consentono di definire impostazioni diverse per i cookie \u201cproprietari\u201d e per quelli di \u201cterze parti\u201d.<\/p>\n<p class=\"text_timmybox\">A titolo di esempio, in Firefox, attraverso il menu <em>Strumenti-&gt;Opzioni -&gt;Privacy<\/em>, \u00e8 possibile accedere ad un pannello di controllo dove \u00e8 possibile definire se accettare o meno i diversi tipi di cookie e procedere alla loro rimozione.<\/p>\n<p class=\"text_timmybox\">Chrome: <a href=\"https:\/\/support.google.com\/chrome\/answer\/95647?hl=it\">https:\/\/support.google.com\/chrome\/answer\/95647?hl=it<\/a><\/p>\n<p class=\"text_timmybox\">Firefox: <a href=\"https:\/\/support.mozilla.org\/it\/kb\/Gestione%20dei%20cookie\">https:\/\/support.mozilla.org\/it\/kb\/Gestione%20dei%20cookie<\/a><\/p>\n<p class=\"text_timmybox\">Internet Explorer: <a href=\"http:\/\/windows.microsoft.com\/it-it\/windows7\/how-to-manage-cookies-in-internet-explorer-9\">http:\/\/windows.microsoft.com\/it-it\/windows7\/how-to-manage-cookies-in-internet-explorer-9<\/a><\/p>\n<p class=\"text_timmybox\">Opera: <a href=\"https:\/\/help.opera.com\/en\/latest\/web-preferences\/#cookies\">https:\/\/help.opera.com\/en\/latest\/web-preferences\/#cookies<\/a><\/p>\n<p class=\"text_timmybox\">Safari: <a href=\"http:\/\/support.apple.com\/kb\/HT1677?viewlocale=it_IT\">http:\/\/support.apple.com\/kb\/HT1677?viewlocale=it_IT<\/a><\/p>\n","protected":false},"excerpt":{"rendered":"<p>I siti web di Sapori dei Sassi srl utilizzano cookie e tecnologie simili per garantire il corretto funzionamento delle procedure e migliorare l&#8217;esperienza di uso delle applicazioni online. Il presente documento fornisce informazioni dettagliate sull&#8217;uso dei cookie e di tecnologie similari, su come sono utilizzati da Sapori dei Sassi srl e su come gestirli. Definizione: [&hellip;]<\/p>\n","protected":false},"author":6,"featured_media":0,"parent":0,"menu_order":0,"comment_status":"open","ping_status":"open","template":"","meta":{"_lmt_disableupdate":"","_lmt_disable":"","_monsterinsights_skip_tracking":false,"_monsterinsights_sitenote_active":false,"_monsterinsights_sitenote_note":"","_monsterinsights_sitenote_category":0,"footnotes":""},"yoast_head":"<!-- This site is optimized with the Yoast SEO plugin v22.0 - https:\/\/yoast.com\/wordpress\/plugins\/seo\/ -->\n<title>Informativa sull&#039;uso dei cookie - Sapori dei Sassi<\/title>\n<meta name=\"robots\" content=\"index, follow, max-snippet:-1, max-image-preview:large, max-video-preview:-1\" \/>\n<link rel=\"canonical\" href=\"https:\/\/www.saporideisassi.it\/blog\/informativa-sulluso-dei-cookie\/\" \/>\n<meta property=\"og:locale\" content=\"it_IT\" \/>\n<meta property=\"og:type\" content=\"article\" \/>\n<meta property=\"og:title\" content=\"Informativa sull&#039;uso dei cookie - Sapori dei Sassi\" \/>\n<meta property=\"og:description\" content=\"I siti web di Sapori dei Sassi srl utilizzano cookie e tecnologie simili per garantire il corretto funzionamento delle procedure e migliorare l&#8217;esperienza di uso delle applicazioni online. Il presente documento fornisce informazioni dettagliate sull&#8217;uso dei cookie e di tecnologie similari, su come sono utilizzati da Sapori dei Sassi srl e su come gestirli. Definizione: [&hellip;]\" \/>\n<meta property=\"og:url\" content=\"https:\/\/www.saporideisassi.it\/blog\/informativa-sulluso-dei-cookie\/\" \/>\n<meta property=\"og:site_name\" content=\"Sapori dei Sassi\" \/>\n<meta property=\"article:publisher\" content=\"https:\/\/www.facebook.com\/saporideisassi\/\" \/>\n<meta property=\"article:modified_time\" content=\"2024-12-27T12:05:40+00:00\" \/>\n<meta name=\"twitter:card\" content=\"summary_large_image\" \/>\n<meta name=\"twitter:site\" content=\"@saporideisassi\" \/>\n<meta name=\"twitter:label1\" content=\"Tempo di lettura stimato\" \/>\n\t<meta name=\"twitter:data1\" content=\"6 minuti\" \/>\n<script type=\"application\/ld+json\" class=\"yoast-schema-graph\">{\"@context\":\"https:\/\/schema.org\",\"@graph\":[{\"@type\":\"WebPage\",\"@id\":\"https:\/\/www.saporideisassi.it\/blog\/informativa-sulluso-dei-cookie\/\",\"url\":\"https:\/\/www.saporideisassi.it\/blog\/informativa-sulluso-dei-cookie\/\",\"name\":\"Informativa sull'uso dei cookie - Sapori dei Sassi\",\"isPartOf\":{\"@id\":\"https:\/\/www.saporideisassi.it\/blog\/#website\"},\"datePublished\":\"2015-05-21T11:28:50+00:00\",\"dateModified\":\"2024-12-27T12:05:40+00:00\",\"breadcrumb\":{\"@id\":\"https:\/\/www.saporideisassi.it\/blog\/informativa-sulluso-dei-cookie\/#breadcrumb\"},\"inLanguage\":\"it-IT\",\"potentialAction\":[{\"@type\":\"ReadAction\",\"target\":[\"https:\/\/www.saporideisassi.it\/blog\/informativa-sulluso-dei-cookie\/\"]}]},{\"@type\":\"BreadcrumbList\",\"@id\":\"https:\/\/www.saporideisassi.it\/blog\/informativa-sulluso-dei-cookie\/#breadcrumb\",\"itemListElement\":[{\"@type\":\"ListItem\",\"position\":1,\"name\":\"Home\",\"item\":\"https:\/\/www.saporideisassi.it\/blog\/\"},{\"@type\":\"ListItem\",\"position\":2,\"name\":\"Informativa sull&#8217;uso dei cookie\"}]},{\"@type\":\"WebSite\",\"@id\":\"https:\/\/www.saporideisassi.it\/blog\/#website\",\"url\":\"https:\/\/www.saporideisassi.it\/blog\/\",\"name\":\"Sapori dei Sassi\",\"description\":\"Raccontiamo la cultura eno-gastronomica\",\"publisher\":{\"@id\":\"https:\/\/www.saporideisassi.it\/blog\/#organization\"},\"potentialAction\":[{\"@type\":\"SearchAction\",\"target\":{\"@type\":\"EntryPoint\",\"urlTemplate\":\"https:\/\/www.saporideisassi.it\/blog\/?s={search_term_string}\"},\"query-input\":\"required name=search_term_string\"}],\"inLanguage\":\"it-IT\"},{\"@type\":\"Organization\",\"@id\":\"https:\/\/www.saporideisassi.it\/blog\/#organization\",\"name\":\"Sapori dei Sassi srl\",\"url\":\"https:\/\/www.saporideisassi.it\/blog\/\",\"logo\":{\"@type\":\"ImageObject\",\"inLanguage\":\"it-IT\",\"@id\":\"https:\/\/www.saporideisassi.it\/blog\/#\/schema\/logo\/image\/\",\"url\":\"https:\/\/www.saporideisassi.it\/blog\/wp-content\/uploads\/cropped-sapori-dei-sassi-logo-1622549037.png\",\"contentUrl\":\"https:\/\/www.saporideisassi.it\/blog\/wp-content\/uploads\/cropped-sapori-dei-sassi-logo-1622549037.png\",\"width\":213,\"height\":80,\"caption\":\"Sapori dei Sassi srl\"},\"image\":{\"@id\":\"https:\/\/www.saporideisassi.it\/blog\/#\/schema\/logo\/image\/\"},\"sameAs\":[\"https:\/\/www.facebook.com\/saporideisassi\/\",\"https:\/\/twitter.com\/saporideisassi\",\"https:\/\/www.instagram.com\/saporideisassi\/\",\"https:\/\/www.youtube.com\/user\/SaporideiSassi\"]}]}<\/script>\n<!-- \/ Yoast SEO plugin. -->","yoast_head_json":{"title":"Informativa sull'uso dei cookie - Sapori dei Sassi","robots":{"index":"index","follow":"follow","max-snippet":"max-snippet:-1","max-image-preview":"max-image-preview:large","max-video-preview":"max-video-preview:-1"},"canonical":"https:\/\/www.saporideisassi.it\/blog\/informativa-sulluso-dei-cookie\/","og_locale":"it_IT","og_type":"article","og_title":"Informativa sull'uso dei cookie - Sapori dei Sassi","og_description":"I siti web di Sapori dei Sassi srl utilizzano cookie e tecnologie simili per garantire il corretto funzionamento delle procedure e migliorare l&#8217;esperienza di uso delle applicazioni online. Il presente documento fornisce informazioni dettagliate sull&#8217;uso dei cookie e di tecnologie similari, su come sono utilizzati da Sapori dei Sassi srl e su come gestirli. Definizione: [&hellip;]","og_url":"https:\/\/www.saporideisassi.it\/blog\/informativa-sulluso-dei-cookie\/","og_site_name":"Sapori dei Sassi","article_publisher":"https:\/\/www.facebook.com\/saporideisassi\/","article_modified_time":"2024-12-27T12:05:40+00:00","twitter_card":"summary_large_image","twitter_site":"@saporideisassi","twitter_misc":{"Tempo di lettura stimato":"6 minuti"},"schema":{"@context":"https:\/\/schema.org","@graph":[{"@type":"WebPage","@id":"https:\/\/www.saporideisassi.it\/blog\/informativa-sulluso-dei-cookie\/","url":"https:\/\/www.saporideisassi.it\/blog\/informativa-sulluso-dei-cookie\/","name":"Informativa sull'uso dei cookie - Sapori dei Sassi","isPartOf":{"@id":"https:\/\/www.saporideisassi.it\/blog\/#website"},"datePublished":"2015-05-21T11:28:50+00:00","dateModified":"2024-12-27T12:05:40+00:00","breadcrumb":{"@id":"https:\/\/www.saporideisassi.it\/blog\/informativa-sulluso-dei-cookie\/#breadcrumb"},"inLanguage":"it-IT","potentialAction":[{"@type":"ReadAction","target":["https:\/\/www.saporideisassi.it\/blog\/informativa-sulluso-dei-cookie\/"]}]},{"@type":"BreadcrumbList","@id":"https:\/\/www.saporideisassi.it\/blog\/informativa-sulluso-dei-cookie\/#breadcrumb","itemListElement":[{"@type":"ListItem","position":1,"name":"Home","item":"https:\/\/www.saporideisassi.it\/blog\/"},{"@type":"ListItem","position":2,"name":"Informativa sull&#8217;uso dei cookie"}]},{"@type":"WebSite","@id":"https:\/\/www.saporideisassi.it\/blog\/#website","url":"https:\/\/www.saporideisassi.it\/blog\/","name":"Sapori dei Sassi","description":"Raccontiamo la cultura eno-gastronomica","publisher":{"@id":"https:\/\/www.saporideisassi.it\/blog\/#organization"},"potentialAction":[{"@type":"SearchAction","target":{"@type":"EntryPoint","urlTemplate":"https:\/\/www.saporideisassi.it\/blog\/?s={search_term_string}"},"query-input":"required name=search_term_string"}],"inLanguage":"it-IT"},{"@type":"Organization","@id":"https:\/\/www.saporideisassi.it\/blog\/#organization","name":"Sapori dei Sassi srl","url":"https:\/\/www.saporideisassi.it\/blog\/","logo":{"@type":"ImageObject","inLanguage":"it-IT","@id":"https:\/\/www.saporideisassi.it\/blog\/#\/schema\/logo\/image\/","url":"https:\/\/www.saporideisassi.it\/blog\/wp-content\/uploads\/cropped-sapori-dei-sassi-logo-1622549037.png","contentUrl":"https:\/\/www.saporideisassi.it\/blog\/wp-content\/uploads\/cropped-sapori-dei-sassi-logo-1622549037.png","width":213,"height":80,"caption":"Sapori dei Sassi srl"},"image":{"@id":"https:\/\/www.saporideisassi.it\/blog\/#\/schema\/logo\/image\/"},"sameAs":["https:\/\/www.facebook.com\/saporideisassi\/","https:\/\/twitter.com\/saporideisassi","https:\/\/www.instagram.com\/saporideisassi\/","https:\/\/www.youtube.com\/user\/SaporideiSassi"]}]}},"_links":{"self":[{"href":"https:\/\/www.saporideisassi.it\/blog\/wp-json\/wp\/v2\/pages\/5165"}],"collection":[{"href":"https:\/\/www.saporideisassi.it\/blog\/wp-json\/wp\/v2\/pages"}],"about":[{"href":"https:\/\/www.saporideisassi.it\/blog\/wp-json\/wp\/v2\/types\/page"}],"author":[{"embeddable":true,"href":"https:\/\/www.saporideisassi.it\/blog\/wp-json\/wp\/v2\/users\/6"}],"replies":[{"embeddable":true,"href":"https:\/\/www.saporideisassi.it\/blog\/wp-json\/wp\/v2\/comments?post=5165"}],"version-history":[{"count":3,"href":"https:\/\/www.saporideisassi.it\/blog\/wp-json\/wp\/v2\/pages\/5165\/revisions"}],"predecessor-version":[{"id":11597,"href":"https:\/\/www.saporideisassi.it\/blog\/wp-json\/wp\/v2\/pages\/5165\/revisions\/11597"}],"wp:attachment":[{"href":"https:\/\/www.saporideisassi.it\/blog\/wp-json\/wp\/v2\/media?parent=5165"}],"curies":[{"name":"wp","href":"https:\/\/api.w.org\/{rel}","templated":true}]}}